{"id":2,"date":"2021-01-13T12:51:44","date_gmt":"2021-01-13T11:51:44","guid":{"rendered":"http:\/\/preview.t08.se.egensajt.se\/?page_id=2"},"modified":"2021-02-09T19:42:12","modified_gmt":"2021-02-09T18:42:12","slug":"exempelsida","status":"publish","type":"page","link":"https:\/\/t08.se\/?page_id=2","title":{"rendered":"Varf\u00f6r IT-s\u00e4kerhet, i vardagen?"},"content":{"rendered":"\n<p>Varf\u00f6r \u00e4r det viktigt med IT-s\u00e4kerhet, \u00e4ven i hemmet?<\/p>\n\n\n\n<blockquote class=\"wp-block-quote is-layout-flow wp-block-quote-is-layout-flow\"><p>Jag ser personligen p\u00e5 daglig dags hur folk delger sin info eller g\u00f6r sig s\u00e5bara f\u00f6r attacker. Sen kan man diskutera om Google och FaceBooks osmalkliga m\u00e4ngd data dom har p\u00e5 dig.. Man \u00e4r ju med friviligt. Men sen onda IT ting, det \u00e4r en annan sak<\/p><\/blockquote>\n\n\n\n<p>&#8230; mera:<\/p>\n\n\n\n<blockquote class=\"wp-block-quote is-layout-flow wp-block-quote-is-layout-flow\"><p>N\u00e5gra saker som kan h\u00e4nda \u00e4r ju s\u00e5klart att du delger mera info \u00e4n du avsett, eller n\u00e5n sj\u00e4lv din identitet och orsakar t.ex. ekonomisk skada.<\/p><\/blockquote>\n\n\n\n<p>s\u00e5, vad kan man g\u00f6ra?<\/p>\n\n\n\n<blockquote class=\"wp-block-quote is-layout-flow wp-block-quote-is-layout-flow\"><p>..<\/p><\/blockquote>\n","protected":false},"excerpt":{"rendered":"<p>Varf\u00f6r \u00e4r det viktigt med IT-s\u00e4kerhet, \u00e4ven i hemmet? Jag ser personligen p\u00e5 daglig dags hur folk delger sin info<\/p>\n<p><a href=\"https:\/\/t08.se\/?page_id=2\" class=\"more-link\">Forts\u00e4tt l\u00e4sa<span class=\"screen-reader-text\">Varf\u00f6r IT-s\u00e4kerhet, i vardagen?<\/span><\/a><\/p>\n","protected":false},"author":1,"featured_media":0,"parent":0,"menu_order":0,"comment_status":"closed","ping_status":"open","template":"","meta":{"footnotes":""},"class_list":["post-2","page","type-page","status-publish","hentry"],"jetpack_sharing_enabled":true,"_links":{"self":[{"href":"https:\/\/t08.se\/index.php?rest_route=\/wp\/v2\/pages\/2","targetHints":{"allow":["GET"]}}],"collection":[{"href":"https:\/\/t08.se\/index.php?rest_route=\/wp\/v2\/pages"}],"about":[{"href":"https:\/\/t08.se\/index.php?rest_route=\/wp\/v2\/types\/page"}],"author":[{"embeddable":true,"href":"https:\/\/t08.se\/index.php?rest_route=\/wp\/v2\/users\/1"}],"replies":[{"embeddable":true,"href":"https:\/\/t08.se\/index.php?rest_route=%2Fwp%2Fv2%2Fcomments&post=2"}],"version-history":[{"count":2,"href":"https:\/\/t08.se\/index.php?rest_route=\/wp\/v2\/pages\/2\/revisions"}],"predecessor-version":[{"id":92,"href":"https:\/\/t08.se\/index.php?rest_route=\/wp\/v2\/pages\/2\/revisions\/92"}],"wp:attachment":[{"href":"https:\/\/t08.se\/index.php?rest_route=%2Fwp%2Fv2%2Fmedia&parent=2"}],"curies":[{"name":"wp","href":"https:\/\/api.w.org\/{rel}","templated":true}]}}