{"id":36,"date":"2021-01-13T13:35:54","date_gmt":"2021-01-13T12:35:54","guid":{"rendered":"http:\/\/preview.t08.se.egensajt.se\/?page_id=36"},"modified":"2021-02-23T12:17:58","modified_gmt":"2021-02-23T11:17:58","slug":"masten","status":"publish","type":"page","link":"https:\/\/t08.se\/?page_id=36","title":{"rendered":"&#8221;m\u00e5sten&#8221;, l\u00f6sningar du borde ha i mobil eller webl\u00e4sare"},"content":{"rendered":"\n<h2 class=\"wp-block-heading\">h\u00e4r samlar jag lite saker som jag anser du borde ha f\u00f6r att ha en &#8221;vatten o br\u00f6d&#8221; niv\u00e5 p\u00e5 din it-s\u00e4kerhet och privacy, som i mobieln eller i datorn webl\u00e4sare.<\/h2>\n\n\n\n<p>du bara <em>m\u00e5ste <\/em>ha en l\u00f6senordshanterar, sen b\u00f6rja anv\u00e4nda olika l\u00f6senord \u00f6\u00f6\u00f6\u00f6verallt. Helst d\u00e5 minst 16 tecken, stora\/sm\u00e5 bokst\u00e4ver siffror och specialare (!&#8221;#\u00a4%&amp;\/()=?)<br><s>LastPass \u00e4r grym p\u00e5 det , <a rel=\"noreferrer noopener\" href=\"https:\/\/lastpass.com\/\" target=\"_blank\" data-type=\"URL\" data-id=\"https:\/\/lastpass.com\/\">https:\/\/lastpass.com\/<\/a>  <\/s><br>Jag har dom senaste dagarna bytt min rekommendation till <a href=\"https:\/\/bitwarden.com\/\">bitwarden.com<\/a> f\u00f6r lastPass har med en m\u00e5nads varsel tvingat alla anv\u00e4ndare att betala om man vill anv\u00e4nda systemet p\u00e5 mobil OCH PC. Det vill man  f\u00f6r det mesta.. Bitwarden \u00e4r lika bra, eller tom. b\u00e4ttre och gratis, och vill man betala \u00e4r det bara 10 dollar per \u00e5r&#8230;<\/p>\n\n\n\n<p><\/p>\n\n\n\n<p><\/p>\n\n\n\n<p>Skydda din webl\u00e4saren, mot sp\u00e5rning;<\/p>\n\n\n\n<p><a href=\"https:\/\/duckduckgo.com\">duckduckgo.com<\/a> har sitt egna till\u00e4gg men \u00e4r ocks\u00e5 en riktigt bra s\u00f6kmotor som skyddar dig mot sp\u00e5rning (till skillnad mot google).<\/p>\n\n\n\n<p>&#8230; och \u00e4ven mot reklam med AdblockPlus. leta i till\u00e4ggs eller https:\/\/adblockplus.org\/ <\/p>\n\n\n\n<p>Sen som alternativ finns Ghostery och Disconnect som till\u00e4gg till firefox osv.<\/p>\n\n\n\n<p><a href=\"https:\/\/brave.com\/\">Brave <\/a>\u00e4r bra, den har mycket av eff.org till\u00e4gg inbyggt, slipper fixa alla egna till\u00e4gg<\/p>\n\n\n\n<p>Mozilla | <a rel=\"noreferrer noopener\" href=\"https:\/\/blog.mozilla.org\/firefox\/category\/firefox\/\" target=\"_blank\">Firefox<\/a>:<br>Mozilla frontar med special <a rel=\"noreferrer noopener\" href=\"https:\/\/blog.mozilla.org\/firefox\/four-ways-to-protect-your-data-privacy\/?utm_source=email&amp;utm_medium=email&amp;utm_campaign=21dpd&amp;utm_content=dpd-kip\" target=\"_blank\">mail<\/a>..<\/p>\n\n\n\n<p><\/p>\n","protected":false},"excerpt":{"rendered":"<p>h\u00e4r samlar jag lite saker som jag anser du borde ha f\u00f6r att ha en &#8221;vatten o br\u00f6d&#8221; niv\u00e5 p\u00e5<\/p>\n<p><a href=\"https:\/\/t08.se\/?page_id=36\" class=\"more-link\">Forts\u00e4tt l\u00e4sa<span class=\"screen-reader-text\">&#8221;m\u00e5sten&#8221;, l\u00f6sningar du borde ha i mobil eller webl\u00e4sare<\/span><\/a><\/p>\n","protected":false},"author":1,"featured_media":0,"parent":0,"menu_order":0,"comment_status":"closed","ping_status":"closed","template":"","meta":{"footnotes":""},"class_list":["post-36","page","type-page","status-publish","hentry"],"jetpack_sharing_enabled":true,"_links":{"self":[{"href":"https:\/\/t08.se\/index.php?rest_route=\/wp\/v2\/pages\/36","targetHints":{"allow":["GET"]}}],"collection":[{"href":"https:\/\/t08.se\/index.php?rest_route=\/wp\/v2\/pages"}],"about":[{"href":"https:\/\/t08.se\/index.php?rest_route=\/wp\/v2\/types\/page"}],"author":[{"embeddable":true,"href":"https:\/\/t08.se\/index.php?rest_route=\/wp\/v2\/users\/1"}],"replies":[{"embeddable":true,"href":"https:\/\/t08.se\/index.php?rest_route=%2Fwp%2Fv2%2Fcomments&post=36"}],"version-history":[{"count":15,"href":"https:\/\/t08.se\/index.php?rest_route=\/wp\/v2\/pages\/36\/revisions"}],"predecessor-version":[{"id":120,"href":"https:\/\/t08.se\/index.php?rest_route=\/wp\/v2\/pages\/36\/revisions\/120"}],"wp:attachment":[{"href":"https:\/\/t08.se\/index.php?rest_route=%2Fwp%2Fv2%2Fmedia&parent=36"}],"curies":[{"name":"wp","href":"https:\/\/api.w.org\/{rel}","templated":true}]}}