{"id":8,"date":"2021-01-13T13:16:40","date_gmt":"2021-01-13T12:16:40","guid":{"rendered":"http:\/\/preview.t08.se.egensajt.se\/?page_id=8"},"modified":"2021-01-13T13:16:40","modified_gmt":"2021-01-13T12:16:40","slug":"om","status":"publish","type":"page","link":"https:\/\/t08.se\/?page_id=8","title":{"rendered":"Om"},"content":{"rendered":"\n<p>Du kanske \u00e4r konstn\u00e4r och vill presentera dig sj\u00e4lv och dina arbeten h\u00e4r, eller s\u00e5 kanske du \u00e4r ett f\u00f6retag som vill ber\u00e4tta om din vision.<\/p>\n","protected":false},"excerpt":{"rendered":"<p>Du kanske \u00e4r konstn\u00e4r och vill presentera dig sj\u00e4lv och dina arbeten h\u00e4r, eller s\u00e5 kanske du \u00e4r ett f\u00f6retag<\/p>\n<p><a href=\"https:\/\/t08.se\/?page_id=8\" class=\"more-link\">Forts\u00e4tt l\u00e4sa<span class=\"screen-reader-text\">Om<\/span><\/a><\/p>\n","protected":false},"author":1,"featured_media":0,"parent":0,"menu_order":0,"comment_status":"closed","ping_status":"closed","template":"","meta":{"footnotes":""},"class_list":["post-8","page","type-page","status-publish","hentry"],"jetpack_sharing_enabled":true,"_links":{"self":[{"href":"https:\/\/t08.se\/index.php?rest_route=\/wp\/v2\/pages\/8","targetHints":{"allow":["GET"]}}],"collection":[{"href":"https:\/\/t08.se\/index.php?rest_route=\/wp\/v2\/pages"}],"about":[{"href":"https:\/\/t08.se\/index.php?rest_route=\/wp\/v2\/types\/page"}],"author":[{"embeddable":true,"href":"https:\/\/t08.se\/index.php?rest_route=\/wp\/v2\/users\/1"}],"replies":[{"embeddable":true,"href":"https:\/\/t08.se\/index.php?rest_route=%2Fwp%2Fv2%2Fcomments&post=8"}],"version-history":[{"count":1,"href":"https:\/\/t08.se\/index.php?rest_route=\/wp\/v2\/pages\/8\/revisions"}],"predecessor-version":[{"id":17,"href":"https:\/\/t08.se\/index.php?rest_route=\/wp\/v2\/pages\/8\/revisions\/17"}],"wp:attachment":[{"href":"https:\/\/t08.se\/index.php?rest_route=%2Fwp%2Fv2%2Fmedia&parent=8"}],"curies":[{"name":"wp","href":"https:\/\/api.w.org\/{rel}","templated":true}]}}